{"id":316,"date":"2021-09-21T20:17:14","date_gmt":"2021-09-21T18:17:14","guid":{"rendered":"https:\/\/laura-mondragon.com\/?page_id=316"},"modified":"2021-10-12T10:28:55","modified_gmt":"2021-10-12T08:28:55","slug":"lartiste-suite","status":"publish","type":"page","link":"https:\/\/laura-mondragon.com\/index.php\/lartiste-suite\/","title":{"rendered":"L&#8217;artiste"},"content":{"rendered":"\n<div class=\"wp-block-cover alignfull has-background-dim-70 has-background-dim\" style=\"min-height:350px;aspect-ratio:unset;\"><img loading=\"lazy\" decoding=\"async\" width=\"1920\" height=\"727\" class=\"wp-block-cover__image-background wp-image-179\" alt=\"\" src=\"https:\/\/laura-mondragon.com\/wp-content\/uploads\/2021\/09\/banniere-1.jpg\" data-object-fit=\"cover\" srcset=\"https:\/\/laura-mondragon.com\/wp-content\/uploads\/2021\/09\/banniere-1.jpg 1920w, https:\/\/laura-mondragon.com\/wp-content\/uploads\/2021\/09\/banniere-1-300x114.jpg 300w, https:\/\/laura-mondragon.com\/wp-content\/uploads\/2021\/09\/banniere-1-1024x388.jpg 1024w, https:\/\/laura-mondragon.com\/wp-content\/uploads\/2021\/09\/banniere-1-768x291.jpg 768w, https:\/\/laura-mondragon.com\/wp-content\/uploads\/2021\/09\/banniere-1-1536x582.jpg 1536w\" sizes=\"auto, (max-width: 1920px) 100vw, 1920px\" \/><div class=\"wp-block-cover__inner-container is-layout-flow wp-block-cover-is-layout-flow\">\n<div class=\"wp-block-columns alignwide is-layout-flex wp-container-core-columns-is-layout-9d6595d7 wp-block-columns-is-layout-flex\">\n<div class=\"wp-block-column is-layout-flow wp-block-column-is-layout-flow\" style=\"flex-basis:55%\"><\/div>\n\n\n\n<div class=\"wp-block-column is-layout-flow wp-block-column-is-layout-flow\"><\/div>\n<\/div>\n\n\n\n<p class=\"has-text-align-center has-text-color\" style=\"color:#ffffff;font-size:70px\"><strong>L&#8217;ARTISTE<\/strong><\/p>\n<\/div><\/div>\n\n\n\n<div class=\"wp-block-group alignfull has-black-background-color has-background\"><div class=\"wp-block-group__inner-container is-layout-flow wp-block-group-is-layout-flow\">\n<div class=\"wp-block-columns alignwide are-vertically-aligned-center is-layout-flex wp-container-core-columns-is-layout-9d6595d7 wp-block-columns-is-layout-flex\">\n<div class=\"wp-block-column is-layout-flow wp-block-column-is-layout-flow\" style=\"flex-basis:50%\">\n<h1 class=\"has-text-color wp-block-heading\" style=\"color:#fed783\"><strong><strong>Laura Mondrag\u00f3n<\/strong><\/strong><\/h1>\n<\/div>\n\n\n\n<div class=\"wp-block-column is-layout-flow wp-block-column-is-layout-flow\" style=\"flex-basis:50%\">\n<hr class=\"wp-block-separator has-text-color has-background is-style-wide\" style=\"background-color:#000000;color:#000000\"\/>\n\n\n\n<figure class=\"wp-block-image size-full\"><img loading=\"lazy\" decoding=\"async\" width=\"500\" height=\"20\" src=\"https:\/\/laura-mondragon.com\/wp-content\/uploads\/2021\/09\/separateur.png\" alt=\"\" class=\"wp-image-96\" srcset=\"https:\/\/laura-mondragon.com\/wp-content\/uploads\/2021\/09\/separateur.png 500w, https:\/\/laura-mondragon.com\/wp-content\/uploads\/2021\/09\/separateur-300x12.png 300w\" sizes=\"auto, (max-width: 500px) 100vw, 500px\" \/><\/figure>\n<\/div>\n<\/div>\n\n\n\n<div class=\"wp-block-columns alignwide is-layout-flex wp-container-core-columns-is-layout-9d6595d7 wp-block-columns-is-layout-flex\">\n<div class=\"wp-block-column is-layout-flow wp-block-column-is-layout-flow\">\n<figure class=\"wp-block-image size-large\"><img loading=\"lazy\" decoding=\"async\" width=\"1024\" height=\"956\" src=\"https:\/\/laura-mondragon.com\/wp-content\/uploads\/2021\/09\/laura-peyre-1024x956.jpg\" alt=\"\" class=\"wp-image-339\" srcset=\"https:\/\/laura-mondragon.com\/wp-content\/uploads\/2021\/09\/laura-peyre-1024x956.jpg 1024w, https:\/\/laura-mondragon.com\/wp-content\/uploads\/2021\/09\/laura-peyre-300x280.jpg 300w, https:\/\/laura-mondragon.com\/wp-content\/uploads\/2021\/09\/laura-peyre-768x717.jpg 768w, https:\/\/laura-mondragon.com\/wp-content\/uploads\/2021\/09\/laura-peyre.jpg 1428w\" sizes=\"auto, (max-width: 1024px) 100vw, 1024px\" \/><\/figure>\n\n\n\n<div style=\"height:100px\" aria-hidden=\"true\" class=\"wp-block-spacer\"><\/div>\n\n\n\n<figure class=\"wp-block-image size-full\"><img loading=\"lazy\" decoding=\"async\" width=\"709\" height=\"862\" src=\"https:\/\/laura-mondragon.com\/wp-content\/uploads\/2021\/09\/cactus-black.jpg\" alt=\"\" class=\"wp-image-334\" srcset=\"https:\/\/laura-mondragon.com\/wp-content\/uploads\/2021\/09\/cactus-black.jpg 709w, https:\/\/laura-mondragon.com\/wp-content\/uploads\/2021\/09\/cactus-black-247x300.jpg 247w\" sizes=\"auto, (max-width: 709px) 100vw, 709px\" \/><\/figure>\n<\/div>\n\n\n\n<div class=\"wp-block-column is-layout-flow wp-block-column-is-layout-flow\">\n<p class=\"has-text-color\" style=\"color:#ffffff\">Laura Mondrag\u00f3n Dami\u00e1n est n\u00e9e le 17 novembre 1978 \u00e0 Chilpancingo, ville situ\u00e9e au sud-ouest du Mexique dans l\u2019Etat de Guerrero en plein c\u0153ur de la \u00ab Sierra Madre del Sur \u00bb belle cha\u00eene de montagnes qui s\u2019\u00e9tend depuis l\u2019Etat de Michoac\u00e1n jusqu\u2019\u00e0 celui de Oaxaca.<\/p>\n\n\n\n<p class=\"has-text-color\" style=\"color:#ffffff\">Cadette de trois filles, elle a suivi ses \u00e9tudes \u00e0 Puebla, pour devenir professeur de langues \u00e9trang\u00e8res. En 2003, elle quitte le Mexique pour s\u2019installer en France o\u00f9 elle reprend ses \u00e9tudes \u00e0 l\u2019Universit\u00e9 de Montpellier et obtient le concours d\u2019enseignement. Actuellement, elle exerce comme professeur d\u2019espagnol en coll\u00e8ge dans l\u2019Aveyron.<\/p>\n\n\n\n<p class=\"has-text-color\" style=\"color:#ffffff\">Sa passion pour la peinture est un h\u00e9ritage familial. Jos\u00e9 Guadalupe Dami\u00e1n Garc\u00eda, son grand-p\u00e8re maternel, \u00e9tait photographe et peintre. Son arri\u00e8re-grand-p\u00e8re \u00e9tait menuisier et sculpteur. Laura Dami\u00e1n Arcos, sa m\u00e8re, partage aussi cette passion avec beaucoup de talent, qu\u2019elle a transmis \u00e0 ces trois filles.&nbsp;<\/p>\n\n\n\n<p class=\"has-text-color\" style=\"color:#ffffff\">Autodidacte en grande partie, aujourd\u2019hui&nbsp; Laura Mondrag\u00f3n Dami\u00e1n&nbsp; consacre son temps libre \u00e0 peindre des huiles sur toile. Ses sources d\u2019inspiration son diverses : les couleurs du Mexique, les \u00ab papeles amates \u00bb, dessins artisanaux r\u00e9alis\u00e9s par des hommes, femmes et enfants de la r\u00e9gion de Guerrero,&nbsp; les souvenirs d\u2019enfance ; l\u2019histoire, les m\u0153urs, les traditions et la culture du Mexique : mais surtout ses sentiments et exp\u00e9riences les plus intimes et nostalgiques de son pass\u00e9, son pr\u00e9sent et son futur\u2026<\/p>\n<\/div>\n\n\n\n<div class=\"wp-block-column is-layout-flow wp-block-column-is-layout-flow\">\n<p class=\"has-text-color\" style=\"color:#fed783\">Laura Mondrag\u00f3n Dami\u00e1n naci\u00f3 el 17 de noviembre de 1978 en Chilpancingo, Guerrero, M\u00e9xico.&nbsp;<\/p>\n\n\n\n<p class=\"has-text-color\" style=\"color:#fed783\">Es la m\u00e1s joven de tres hermanas, hizo sus estudios en la ciudad de Puebla para ser profesora de lenguas extranjeras. En el 2003 se mud\u00f3 a Francia y en la Universidad de Montpellier realiz\u00f3 estudios para ser profesora de espa\u00f1ol, oficio que ejerce actualmente en escuelas del Aveyron.<\/p>\n\n\n\n<p class=\"has-text-color\" style=\"color:#fed783\">Su pasi\u00f3n por el arte y en especial por la pintura se debe en parte a una herencia familiar. Su abuelo materno Jos\u00e9 Guadalupe Dami\u00e1n era fot\u00f3grafo y pintor, su bisabuelo materno era carpintero y escultor y su madre, Laura Dami\u00e1n Arcos, comparte con gran talento su pasi\u00f3n por la pintura&nbsp; y ha transmitido a sus tres hijas su amor por este arte. &nbsp;<\/p>\n\n\n\n<p class=\"has-text-color\" style=\"color:#fed783\">Autodidacta, hoy Laura Mondrag\u00f3n Dami\u00e1n dedica&nbsp; su tiempo libre a la pintura. Diversas son sus fuentes de inspiraci\u00f3n: los colores de su M\u00e9xico, los \u201cpapeles amates\u201d (dibujos artesanales realizados por hombres, mujeres y ni\u00f1os del estado de Guerrero); los recuerdos de infancia; la historia y costumbres de la cultura Mexicana ; y sobretodo sus sentimientos y vivencias&nbsp; m\u00e1s \u00edntimas y nost\u00e1lgicas de su pasado, su presente y su futuro\u2026.&nbsp;<\/p>\n<\/div>\n<\/div>\n\n\n\n<div style=\"height:40px\" aria-hidden=\"true\" class=\"wp-block-spacer\"><\/div>\n<\/div><\/div>\n\n\n\n<div class=\"wp-block-cover alignfull\" style=\"min-height:300px;aspect-ratio:unset;\"><img loading=\"lazy\" decoding=\"async\" width=\"2000\" height=\"490\" class=\"wp-block-cover__image-background wp-image-156\" alt=\"\" src=\"https:\/\/laura-mondragon.com\/wp-content\/uploads\/2021\/09\/panoramica-peyre.png\" data-object-fit=\"cover\" srcset=\"https:\/\/laura-mondragon.com\/wp-content\/uploads\/2021\/09\/panoramica-peyre.png 2000w, https:\/\/laura-mondragon.com\/wp-content\/uploads\/2021\/09\/panoramica-peyre-300x74.png 300w, https:\/\/laura-mondragon.com\/wp-content\/uploads\/2021\/09\/panoramica-peyre-1024x251.png 1024w, https:\/\/laura-mondragon.com\/wp-content\/uploads\/2021\/09\/panoramica-peyre-768x188.png 768w, https:\/\/laura-mondragon.com\/wp-content\/uploads\/2021\/09\/panoramica-peyre-1536x376.png 1536w\" sizes=\"auto, (max-width: 2000px) 100vw, 2000px\" \/><div class=\"wp-block-cover__inner-container is-layout-flow wp-block-cover-is-layout-flow\">\n<div class=\"wp-block-columns alignwide is-layout-flex wp-container-core-columns-is-layout-9d6595d7 wp-block-columns-is-layout-flex\">\n<div class=\"wp-block-column is-layout-flow wp-block-column-is-layout-flow\" style=\"flex-basis:55%\"><\/div>\n\n\n\n<div class=\"wp-block-column is-layout-flow wp-block-column-is-layout-flow\"><\/div>\n<\/div>\n<\/div><\/div>\n","protected":false},"excerpt":{"rendered":"<p>Laura Mondrag\u00f3n Laura Mondrag\u00f3n Dami\u00e1n est n\u00e9e le 17 novembre 1978 \u00e0 Chilpancingo, ville situ\u00e9e au sud-ouest du Mexique dans l\u2019Etat de Guerrero en plein c\u0153ur de la \u00ab Sierra Madre del Sur \u00bb belle cha\u00eene de montagnes qui s\u2019\u00e9tend depuis l\u2019Etat de Michoac\u00e1n jusqu\u2019\u00e0 celui de Oaxaca. Cadette de trois filles, elle a suivi ses \u00e9tudes \u00e0 Puebla, pour [&hellip;]<\/p>\n","protected":false},"author":1,"featured_media":0,"parent":0,"menu_order":0,"comment_status":"closed","ping_status":"closed","template":"","meta":{"ngg_post_thumbnail":0,"footnotes":""},"class_list":["post-316","page","type-page","status-publish","hentry"],"yoast_head":"<!-- This site is optimized with the Yoast SEO plugin v19.6.1 - https:\/\/yoast.com\/wordpress\/plugins\/seo\/ -->\n<title>L&#039;artiste - Laura Mondrag\u00f3n<\/title>\n<meta name=\"robots\" content=\"index, follow, max-snippet:-1, max-image-preview:large, max-video-preview:-1\" \/>\n<link rel=\"canonical\" href=\"https:\/\/laura-mondragon.com\/index.php\/lartiste-suite\/\" \/>\n<meta property=\"og:locale\" content=\"en_US\" \/>\n<meta property=\"og:type\" content=\"article\" \/>\n<meta property=\"og:title\" content=\"L&#039;artiste - Laura Mondrag\u00f3n\" \/>\n<meta property=\"og:description\" content=\"Laura Mondrag\u00f3n Laura Mondrag\u00f3n Dami\u00e1n est n\u00e9e le 17 novembre 1978 \u00e0 Chilpancingo, ville situ\u00e9e au sud-ouest du Mexique dans l\u2019Etat de Guerrero en plein c\u0153ur de la \u00ab Sierra Madre del Sur \u00bb belle cha\u00eene de montagnes qui s\u2019\u00e9tend depuis l\u2019Etat de Michoac\u00e1n jusqu\u2019\u00e0 celui de Oaxaca. Cadette de trois filles, elle a suivi ses \u00e9tudes \u00e0 Puebla, pour [&hellip;]\" \/>\n<meta property=\"og:url\" content=\"https:\/\/laura-mondragon.com\/index.php\/lartiste-suite\/\" \/>\n<meta property=\"og:site_name\" content=\"Laura Mondrag\u00f3n\" \/>\n<meta property=\"article:publisher\" content=\"https:\/\/www.facebook.com\/mondragonpeintre\" \/>\n<meta property=\"article:modified_time\" content=\"2021-10-12T08:28:55+00:00\" \/>\n<meta property=\"og:image\" content=\"https:\/\/laura-mondragon.com\/wp-content\/uploads\/2021\/09\/banniere-1.jpg\" \/>\n<meta name=\"twitter:card\" content=\"summary_large_image\" \/>\n<meta name=\"twitter:label1\" content=\"Est. reading time\" \/>\n\t<meta name=\"twitter:data1\" content=\"2 minutes\" \/>\n<script type=\"application\/ld+json\" class=\"yoast-schema-graph\">{\"@context\":\"https:\/\/schema.org\",\"@graph\":[{\"@type\":\"WebPage\",\"@id\":\"https:\/\/laura-mondragon.com\/index.php\/lartiste-suite\/\",\"url\":\"https:\/\/laura-mondragon.com\/index.php\/lartiste-suite\/\",\"name\":\"L'artiste - Laura Mondrag\u00f3n\",\"isPartOf\":{\"@id\":\"https:\/\/laura-mondragon.com\/#website\"},\"datePublished\":\"2021-09-21T18:17:14+00:00\",\"dateModified\":\"2021-10-12T08:28:55+00:00\",\"breadcrumb\":{\"@id\":\"https:\/\/laura-mondragon.com\/index.php\/lartiste-suite\/#breadcrumb\"},\"inLanguage\":\"en-US\",\"potentialAction\":[{\"@type\":\"ReadAction\",\"target\":[\"https:\/\/laura-mondragon.com\/index.php\/lartiste-suite\/\"]}]},{\"@type\":\"BreadcrumbList\",\"@id\":\"https:\/\/laura-mondragon.com\/index.php\/lartiste-suite\/#breadcrumb\",\"itemListElement\":[{\"@type\":\"ListItem\",\"position\":1,\"name\":\"Accueil\",\"item\":\"https:\/\/laura-mondragon.com\/\"},{\"@type\":\"ListItem\",\"position\":2,\"name\":\"L&rsquo;artiste\"}]},{\"@type\":\"WebSite\",\"@id\":\"https:\/\/laura-mondragon.com\/#website\",\"url\":\"https:\/\/laura-mondragon.com\/\",\"name\":\"Laura Mondrag\u00f3n\",\"description\":\"ARTISTE PEINTRE\",\"publisher\":{\"@id\":\"https:\/\/laura-mondragon.com\/#organization\"},\"potentialAction\":[{\"@type\":\"SearchAction\",\"target\":{\"@type\":\"EntryPoint\",\"urlTemplate\":\"https:\/\/laura-mondragon.com\/?s={search_term_string}\"},\"query-input\":\"required name=search_term_string\"}],\"inLanguage\":\"en-US\"},{\"@type\":\"Organization\",\"@id\":\"https:\/\/laura-mondragon.com\/#organization\",\"name\":\"Laura Mondrag\u00f3n\",\"url\":\"https:\/\/laura-mondragon.com\/\",\"sameAs\":[\"https:\/\/www.instagram.com\/mondragon___pinturas\/?hl=fr\",\"https:\/\/www.facebook.com\/mondragonpeintre\"],\"logo\":{\"@type\":\"ImageObject\",\"inLanguage\":\"en-US\",\"@id\":\"https:\/\/laura-mondragon.com\/#\/schema\/logo\/image\/\",\"url\":\"https:\/\/laura-mondragon.com\/wp-content\/uploads\/2021\/10\/peyre-expo-laura-mondragon-01.jpg\",\"contentUrl\":\"https:\/\/laura-mondragon.com\/wp-content\/uploads\/2021\/10\/peyre-expo-laura-mondragon-01.jpg\",\"width\":1068,\"height\":712,\"caption\":\"Laura Mondrag\u00f3n\"},\"image\":{\"@id\":\"https:\/\/laura-mondragon.com\/#\/schema\/logo\/image\/\"}}]}<\/script>\n<!-- \/ Yoast SEO plugin. -->","yoast_head_json":{"title":"L'artiste - Laura Mondrag\u00f3n","robots":{"index":"index","follow":"follow","max-snippet":"max-snippet:-1","max-image-preview":"max-image-preview:large","max-video-preview":"max-video-preview:-1"},"canonical":"https:\/\/laura-mondragon.com\/index.php\/lartiste-suite\/","og_locale":"en_US","og_type":"article","og_title":"L'artiste - Laura Mondrag\u00f3n","og_description":"Laura Mondrag\u00f3n Laura Mondrag\u00f3n Dami\u00e1n est n\u00e9e le 17 novembre 1978 \u00e0 Chilpancingo, ville situ\u00e9e au sud-ouest du Mexique dans l\u2019Etat de Guerrero en plein c\u0153ur de la \u00ab Sierra Madre del Sur \u00bb belle cha\u00eene de montagnes qui s\u2019\u00e9tend depuis l\u2019Etat de Michoac\u00e1n jusqu\u2019\u00e0 celui de Oaxaca. Cadette de trois filles, elle a suivi ses \u00e9tudes \u00e0 Puebla, pour [&hellip;]","og_url":"https:\/\/laura-mondragon.com\/index.php\/lartiste-suite\/","og_site_name":"Laura Mondrag\u00f3n","article_publisher":"https:\/\/www.facebook.com\/mondragonpeintre","article_modified_time":"2021-10-12T08:28:55+00:00","og_image":[{"url":"https:\/\/laura-mondragon.com\/wp-content\/uploads\/2021\/09\/banniere-1.jpg"}],"twitter_card":"summary_large_image","twitter_misc":{"Est. reading time":"2 minutes"},"schema":{"@context":"https:\/\/schema.org","@graph":[{"@type":"WebPage","@id":"https:\/\/laura-mondragon.com\/index.php\/lartiste-suite\/","url":"https:\/\/laura-mondragon.com\/index.php\/lartiste-suite\/","name":"L'artiste - Laura Mondrag\u00f3n","isPartOf":{"@id":"https:\/\/laura-mondragon.com\/#website"},"datePublished":"2021-09-21T18:17:14+00:00","dateModified":"2021-10-12T08:28:55+00:00","breadcrumb":{"@id":"https:\/\/laura-mondragon.com\/index.php\/lartiste-suite\/#breadcrumb"},"inLanguage":"en-US","potentialAction":[{"@type":"ReadAction","target":["https:\/\/laura-mondragon.com\/index.php\/lartiste-suite\/"]}]},{"@type":"BreadcrumbList","@id":"https:\/\/laura-mondragon.com\/index.php\/lartiste-suite\/#breadcrumb","itemListElement":[{"@type":"ListItem","position":1,"name":"Accueil","item":"https:\/\/laura-mondragon.com\/"},{"@type":"ListItem","position":2,"name":"L&rsquo;artiste"}]},{"@type":"WebSite","@id":"https:\/\/laura-mondragon.com\/#website","url":"https:\/\/laura-mondragon.com\/","name":"Laura Mondrag\u00f3n","description":"ARTISTE PEINTRE","publisher":{"@id":"https:\/\/laura-mondragon.com\/#organization"},"potentialAction":[{"@type":"SearchAction","target":{"@type":"EntryPoint","urlTemplate":"https:\/\/laura-mondragon.com\/?s={search_term_string}"},"query-input":"required name=search_term_string"}],"inLanguage":"en-US"},{"@type":"Organization","@id":"https:\/\/laura-mondragon.com\/#organization","name":"Laura Mondrag\u00f3n","url":"https:\/\/laura-mondragon.com\/","sameAs":["https:\/\/www.instagram.com\/mondragon___pinturas\/?hl=fr","https:\/\/www.facebook.com\/mondragonpeintre"],"logo":{"@type":"ImageObject","inLanguage":"en-US","@id":"https:\/\/laura-mondragon.com\/#\/schema\/logo\/image\/","url":"https:\/\/laura-mondragon.com\/wp-content\/uploads\/2021\/10\/peyre-expo-laura-mondragon-01.jpg","contentUrl":"https:\/\/laura-mondragon.com\/wp-content\/uploads\/2021\/10\/peyre-expo-laura-mondragon-01.jpg","width":1068,"height":712,"caption":"Laura Mondrag\u00f3n"},"image":{"@id":"https:\/\/laura-mondragon.com\/#\/schema\/logo\/image\/"}}]}},"_links":{"self":[{"href":"https:\/\/laura-mondragon.com\/index.php\/wp-json\/wp\/v2\/pages\/316","targetHints":{"allow":["GET"]}}],"collection":[{"href":"https:\/\/laura-mondragon.com\/index.php\/wp-json\/wp\/v2\/pages"}],"about":[{"href":"https:\/\/laura-mondragon.com\/index.php\/wp-json\/wp\/v2\/types\/page"}],"author":[{"embeddable":true,"href":"https:\/\/laura-mondragon.com\/index.php\/wp-json\/wp\/v2\/users\/1"}],"replies":[{"embeddable":true,"href":"https:\/\/laura-mondragon.com\/index.php\/wp-json\/wp\/v2\/comments?post=316"}],"version-history":[{"count":8,"href":"https:\/\/laura-mondragon.com\/index.php\/wp-json\/wp\/v2\/pages\/316\/revisions"}],"predecessor-version":[{"id":457,"href":"https:\/\/laura-mondragon.com\/index.php\/wp-json\/wp\/v2\/pages\/316\/revisions\/457"}],"wp:attachment":[{"href":"https:\/\/laura-mondragon.com\/index.php\/wp-json\/wp\/v2\/media?parent=316"}],"curies":[{"name":"wp","href":"https:\/\/api.w.org\/{rel}","templated":true}]}}