{"id":110,"date":"2021-09-19T18:12:59","date_gmt":"2021-09-19T16:12:59","guid":{"rendered":"https:\/\/laura-mondragon.com\/?page_id=110"},"modified":"2022-04-15T11:21:08","modified_gmt":"2022-04-15T09:21:08","slug":"presse","status":"publish","type":"page","link":"https:\/\/laura-mondragon.com\/index.php\/presse\/","title":{"rendered":"Actualit\u00e9s &#038; Presse"},"content":{"rendered":"\n<div class=\"wp-block-cover alignfull has-background-dim-70 has-background-dim\" style=\"min-height:350px;aspect-ratio:unset;\"><img loading=\"lazy\" decoding=\"async\" width=\"2311\" height=\"1890\" class=\"wp-block-cover__image-background wp-image-467\" alt=\"\" src=\"https:\/\/laura-mondragon.com\/wp-content\/uploads\/2021\/10\/suenon-monarca-II.jpg\" data-object-fit=\"cover\" srcset=\"https:\/\/laura-mondragon.com\/wp-content\/uploads\/2021\/10\/suenon-monarca-II.jpg 2311w, https:\/\/laura-mondragon.com\/wp-content\/uploads\/2021\/10\/suenon-monarca-II-300x245.jpg 300w, https:\/\/laura-mondragon.com\/wp-content\/uploads\/2021\/10\/suenon-monarca-II-1024x837.jpg 1024w, https:\/\/laura-mondragon.com\/wp-content\/uploads\/2021\/10\/suenon-monarca-II-768x628.jpg 768w, https:\/\/laura-mondragon.com\/wp-content\/uploads\/2021\/10\/suenon-monarca-II-1536x1256.jpg 1536w, https:\/\/laura-mondragon.com\/wp-content\/uploads\/2021\/10\/suenon-monarca-II-2048x1675.jpg 2048w\" sizes=\"auto, (max-width: 2311px) 100vw, 2311px\" \/><div class=\"wp-block-cover__inner-container is-layout-flow wp-block-cover-is-layout-flow\">\n<p class=\"has-text-align-center\" style=\"font-size:60px\"><strong><span style=\"color:#ffffff\" class=\"has-inline-color\">Actualit\u00e9s &amp; Presse<\/span><\/strong><\/p>\n<\/div><\/div>\n\n\n\n<div style=\"height:84px\" aria-hidden=\"true\" class=\"wp-block-spacer\"><\/div>\n\n\n\n<div class=\"wp-block-media-text alignwide is-stacked-on-mobile\" style=\"grid-template-columns:35% auto\"><figure class=\"wp-block-media-text__media\"><img loading=\"lazy\" decoding=\"async\" width=\"746\" height=\"1024\" src=\"https:\/\/laura-mondragon.com\/wp-content\/uploads\/2022\/04\/affiche-mondragon-746x1024.jpg\" alt=\"\" class=\"wp-image-508 size-full\" srcset=\"https:\/\/laura-mondragon.com\/wp-content\/uploads\/2022\/04\/affiche-mondragon-746x1024.jpg 746w, https:\/\/laura-mondragon.com\/wp-content\/uploads\/2022\/04\/affiche-mondragon-219x300.jpg 219w, https:\/\/laura-mondragon.com\/wp-content\/uploads\/2022\/04\/affiche-mondragon-768x1054.jpg 768w, https:\/\/laura-mondragon.com\/wp-content\/uploads\/2022\/04\/affiche-mondragon-1119x1536.jpg 1119w, https:\/\/laura-mondragon.com\/wp-content\/uploads\/2022\/04\/affiche-mondragon-1492x2048.jpg 1492w, https:\/\/laura-mondragon.com\/wp-content\/uploads\/2022\/04\/affiche-mondragon-scaled.jpg 1865w\" sizes=\"auto, (max-width: 746px) 100vw, 746px\" \/><\/figure><div class=\"wp-block-media-text__content\">\n<p style=\"font-size:30px\"><strong>Exposition \u00ab Mythes &amp; Papillons \u00bb<\/strong><\/p>\n\n\n\n<p>Je vous donne rendez-vous le du 21 avril 2022 \u00e0 partir de 18 h pour le vernissage de ma nouvelle exposition, \u00e0 la Galerie de Passage \u00e0 l&#8217;Art : 2 rue Droite \u00e0 Millau &#8211; <a rel=\"noreferrer noopener\" href=\"http:\/\/www.passage-a-lart.org.\" data-type=\"URL\" data-id=\"www.passage-a-lart.org.\" target=\"_blank\">www.passage-a-lart.org.<\/a><\/p>\n\n\n\n<p><strong>EXPOSITION du 21 avril au 21 mai 2022. <\/strong><br>Ouverture les mercredis et vendredis de 15 h 30 \u00e0 18 h 30 et sur rendez-vous au 06 88 89 98 54.<\/p>\n\n\n\n<div class=\"wp-block-buttons is-layout-flex wp-block-buttons-is-layout-flex\">\n<div class=\"wp-block-button\"><a class=\"wp-block-button__link has-black-color has-text-color has-background\" href=\"https:\/\/www.millavois.com\/2022\/04\/13\/millau-laura-mondragon-expose-a-la-galerie-passage-a-lart\/?fbclid=IwAR0uaTQVsubbABiP9t2fhfyTHEHUpoWPDgx9H5k1i2x1cGKOxeoIEtelo8M\" style=\"background-color:#fed783\" target=\"_blank\" rel=\"noreferrer noopener\"><strong>EN SAVOIR PLUS<\/strong><\/a><\/div>\n<\/div>\n<\/div><\/div>\n\n\n\n<div style=\"height:56px\" aria-hidden=\"true\" class=\"wp-block-spacer\"><\/div>\n\n\n\n<div class=\"wp-block-media-text alignwide is-stacked-on-mobile\" style=\"grid-template-columns:35% auto\"><figure class=\"wp-block-media-text__media\"><img loading=\"lazy\" decoding=\"async\" width=\"559\" height=\"406\" src=\"https:\/\/laura-mondragon.com\/wp-content\/uploads\/2022\/02\/page-222-e1644266522484.png\" alt=\"\" class=\"wp-image-503 size-full\" srcset=\"https:\/\/laura-mondragon.com\/wp-content\/uploads\/2022\/02\/page-222-e1644266522484.png 559w, https:\/\/laura-mondragon.com\/wp-content\/uploads\/2022\/02\/page-222-e1644266522484-300x218.png 300w\" sizes=\"auto, (max-width: 559px) 100vw, 559px\" \/><\/figure><div class=\"wp-block-media-text__content\">\n<p style=\"font-size:30px\"><strong>Atelier peinture au Bar&#8217;Bouille<\/strong><\/p>\n\n\n\n<p>Je vous donne rendez-vous mercredi 9 f\u00e9vrier \u00e0 15 h 30 au caf\u00e9 associatif <strong>Le Bar&#8217;Bouille<\/strong> \u00e0 Millau, pour un atelier peinture \u00ab \u00e0 ma fa\u00e7on \u00bb.  <br>Atelier \u00e0 partir de 4 ans.<\/p>\n\n\n\n<div class=\"wp-block-buttons is-layout-flex wp-block-buttons-is-layout-flex\">\n<div class=\"wp-block-button\"><a class=\"wp-block-button__link has-black-color has-text-color has-background\" href=\"http:\/\/www.lebarbouille.com\/\" style=\"background-color:#fed783\" target=\"_blank\" rel=\"noreferrer noopener\"><strong>D\u00c9COUVREZ LE BAR&#8217;BOUILLE<\/strong><\/a><\/div>\n<\/div>\n<\/div><\/div>\n\n\n\n<div style=\"height:56px\" aria-hidden=\"true\" class=\"wp-block-spacer\"><\/div>\n\n\n\n<div class=\"wp-block-media-text alignwide is-stacked-on-mobile\" style=\"grid-template-columns:35% auto\"><figure class=\"wp-block-media-text__media\"><img loading=\"lazy\" decoding=\"async\" width=\"618\" height=\"877\" src=\"https:\/\/laura-mondragon.com\/wp-content\/uploads\/2021\/11\/affiche_MetiersDArt-2021.jpg\" alt=\"\" class=\"wp-image-493 size-full\" srcset=\"https:\/\/laura-mondragon.com\/wp-content\/uploads\/2021\/11\/affiche_MetiersDArt-2021.jpg 618w, https:\/\/laura-mondragon.com\/wp-content\/uploads\/2021\/11\/affiche_MetiersDArt-2021-211x300.jpg 211w\" sizes=\"auto, (max-width: 618px) 100vw, 618px\" \/><\/figure><div class=\"wp-block-media-text__content\">\n<p style=\"font-size:30px\"><strong>18<small><sup>\u00e8me<\/sup><\/small>&nbsp;Salon des Arts &amp; M\u00e9tiers<\/strong><\/p>\n\n\n\n<p>Je vous donne rendez-vous les 27 &amp; 28 novembre 2022 \u00e0 la Salle des F\u00eates de Millau, lors du 18\u00e8me Salon des Arts &amp; M\u00e9tiers, organis\u00e9 par <a href=\"http:\/\/www.passage-a-lart.org.\" data-type=\"URL\" data-id=\"www.passage-a-lart.org.\" target=\"_blank\" rel=\"noreferrer noopener\">www.passage-a-lart.org.<\/a><\/p>\n\n\n\n<p>Venez d\u00e9couvrir quelques unes de mes oeuvres et des produits d\u00e9riv\u00e9s r\u00e9alis\u00e9s en collaboration avec <a href=\"https:\/\/www.lesfilsdelafontvieille.fr\/\" data-type=\"URL\" data-id=\"https:\/\/www.lesfilsdelafontvieille.fr\/\" target=\"_blank\" rel=\"noreferrer noopener\">www.lesfilsdelafontvielle.fr.<\/a><\/p>\n\n\n\n<div class=\"wp-block-buttons is-layout-flex wp-block-buttons-is-layout-flex\">\n<div class=\"wp-block-button\"><a class=\"wp-block-button__link has-black-color has-text-color has-background\" href=\"https:\/\/www.millavois.com\/2021\/11\/15\/millau-le-18e-salon-des-arts-et-des-metiers-dart-sous-le-signe-du-recyclart\/\" style=\"background-color:#fed783\" target=\"_blank\" rel=\"noreferrer noopener\"><strong>EN SAVOIR PLUS<\/strong><\/a><\/div>\n<\/div>\n<\/div><\/div>\n\n\n\n<div style=\"height:56px\" aria-hidden=\"true\" class=\"wp-block-spacer\"><\/div>\n\n\n\n<div class=\"wp-block-media-text alignwide is-stacked-on-mobile\" style=\"grid-template-columns:35% auto\"><figure class=\"wp-block-media-text__media\"><img loading=\"lazy\" decoding=\"async\" width=\"1024\" height=\"683\" src=\"https:\/\/laura-mondragon.com\/wp-content\/uploads\/2021\/10\/peyre-expo-laura-mondragon-01-1024x683.jpg\" alt=\"\" class=\"wp-image-471 size-full\" srcset=\"https:\/\/laura-mondragon.com\/wp-content\/uploads\/2021\/10\/peyre-expo-laura-mondragon-01-1024x683.jpg 1024w, https:\/\/laura-mondragon.com\/wp-content\/uploads\/2021\/10\/peyre-expo-laura-mondragon-01-300x200.jpg 300w, https:\/\/laura-mondragon.com\/wp-content\/uploads\/2021\/10\/peyre-expo-laura-mondragon-01-768x512.jpg 768w, https:\/\/laura-mondragon.com\/wp-content\/uploads\/2021\/10\/peyre-expo-laura-mondragon-01.jpg 1068w\" sizes=\"auto, (max-width: 1024px) 100vw, 1024px\" \/><\/figure><div class=\"wp-block-media-text__content\">\n<p style=\"font-size:30px\"><strong>MILLAVOIS.COM<\/strong><\/p>\n\n\n\n<p>Cinq ans apr\u00e8s ses deux premi\u00e8res expositions \u00e0 Peyre et \u00e0 la galerie A Capell\u2019Art de la rue de la Capelle, l\u2019artiste peintre millavoise d\u2019origine mexicaine&nbsp;<strong>Laura Mondrag\u00f3n<\/strong>&nbsp;investit \u00e0 nouveau l\u2019\u00e9glise troglodytique de Peyre.<\/p>\n\n\n\n<div class=\"wp-block-buttons is-layout-flex wp-block-buttons-is-layout-flex\">\n<div class=\"wp-block-button\"><a class=\"wp-block-button__link has-black-color has-text-color has-background\" href=\"https:\/\/www.millavois.com\/2021\/08\/18\/peyre-couleurs-du-mexique-lexposition-tres-intime-de-laura-mondragon\/\" style=\"background-color:#fed783\" target=\"_blank\" rel=\"noreferrer noopener\"><strong>LIRE L&#8217;ARTICLE<\/strong><\/a><\/div>\n<\/div>\n<\/div><\/div>\n\n\n\n<div style=\"height:70px\" aria-hidden=\"true\" class=\"wp-block-spacer\"><\/div>\n\n\n\n<div class=\"wp-block-image\"><figure class=\"aligncenter size-full\"><img loading=\"lazy\" decoding=\"async\" width=\"500\" height=\"20\" src=\"https:\/\/laura-mondragon.com\/wp-content\/uploads\/2021\/09\/separateur.png\" alt=\"\" class=\"wp-image-96\" srcset=\"https:\/\/laura-mondragon.com\/wp-content\/uploads\/2021\/09\/separateur.png 500w, https:\/\/laura-mondragon.com\/wp-content\/uploads\/2021\/09\/separateur-300x12.png 300w\" sizes=\"auto, (max-width: 500px) 100vw, 500px\" \/><\/figure><\/div>\n\n\n\n<div style=\"height:70px\" aria-hidden=\"true\" class=\"wp-block-spacer\"><\/div>\n\n\n\n<h2 class=\"has-text-align-center wp-block-heading\" style=\"font-size:44px\">Articles de presse<\/h2>\n\n\n\nngg_shortcode_0_placeholder\n","protected":false},"excerpt":{"rendered":"<p>Articles de presse<\/p>\n","protected":false},"author":1,"featured_media":0,"parent":0,"menu_order":5,"comment_status":"closed","ping_status":"closed","template":"","meta":{"ngg_post_thumbnail":0,"footnotes":""},"class_list":["post-110","page","type-page","status-publish","hentry"],"yoast_head":"<!-- This site is optimized with the Yoast SEO plugin v19.6.1 - https:\/\/yoast.com\/wordpress\/plugins\/seo\/ -->\n<title>Actualit\u00e9s &amp; Presse - Laura Mondrag\u00f3n<\/title>\n<meta name=\"robots\" content=\"index, follow, max-snippet:-1, max-image-preview:large, max-video-preview:-1\" \/>\n<link rel=\"canonical\" href=\"https:\/\/laura-mondragon.com\/index.php\/presse\/\" \/>\n<meta property=\"og:locale\" content=\"en_US\" \/>\n<meta property=\"og:type\" content=\"article\" \/>\n<meta property=\"og:title\" content=\"Actualit\u00e9s &amp; Presse - Laura Mondrag\u00f3n\" \/>\n<meta property=\"og:description\" content=\"Articles de presse\" \/>\n<meta property=\"og:url\" content=\"https:\/\/laura-mondragon.com\/index.php\/presse\/\" \/>\n<meta property=\"og:site_name\" content=\"Laura Mondrag\u00f3n\" \/>\n<meta property=\"article:publisher\" content=\"https:\/\/www.facebook.com\/mondragonpeintre\" \/>\n<meta property=\"article:modified_time\" content=\"2022-04-15T09:21:08+00:00\" \/>\n<meta property=\"og:image\" content=\"https:\/\/laura-mondragon.com\/wp-content\/uploads\/2021\/10\/suenon-monarca-II.jpg\" \/>\n<meta name=\"twitter:card\" content=\"summary_large_image\" \/>\n<meta name=\"twitter:label1\" content=\"Est. reading time\" \/>\n\t<meta name=\"twitter:data1\" content=\"1 minute\" \/>\n<script type=\"application\/ld+json\" class=\"yoast-schema-graph\">{\"@context\":\"https:\/\/schema.org\",\"@graph\":[{\"@type\":\"WebPage\",\"@id\":\"https:\/\/laura-mondragon.com\/index.php\/presse\/\",\"url\":\"https:\/\/laura-mondragon.com\/index.php\/presse\/\",\"name\":\"Actualit\u00e9s & Presse - Laura Mondrag\u00f3n\",\"isPartOf\":{\"@id\":\"https:\/\/laura-mondragon.com\/#website\"},\"datePublished\":\"2021-09-19T16:12:59+00:00\",\"dateModified\":\"2022-04-15T09:21:08+00:00\",\"breadcrumb\":{\"@id\":\"https:\/\/laura-mondragon.com\/index.php\/presse\/#breadcrumb\"},\"inLanguage\":\"en-US\",\"potentialAction\":[{\"@type\":\"ReadAction\",\"target\":[\"https:\/\/laura-mondragon.com\/index.php\/presse\/\"]}]},{\"@type\":\"BreadcrumbList\",\"@id\":\"https:\/\/laura-mondragon.com\/index.php\/presse\/#breadcrumb\",\"itemListElement\":[{\"@type\":\"ListItem\",\"position\":1,\"name\":\"Accueil\",\"item\":\"https:\/\/laura-mondragon.com\/\"},{\"@type\":\"ListItem\",\"position\":2,\"name\":\"Actualit\u00e9s &#038; Presse\"}]},{\"@type\":\"WebSite\",\"@id\":\"https:\/\/laura-mondragon.com\/#website\",\"url\":\"https:\/\/laura-mondragon.com\/\",\"name\":\"Laura Mondrag\u00f3n\",\"description\":\"ARTISTE PEINTRE\",\"publisher\":{\"@id\":\"https:\/\/laura-mondragon.com\/#organization\"},\"potentialAction\":[{\"@type\":\"SearchAction\",\"target\":{\"@type\":\"EntryPoint\",\"urlTemplate\":\"https:\/\/laura-mondragon.com\/?s={search_term_string}\"},\"query-input\":\"required name=search_term_string\"}],\"inLanguage\":\"en-US\"},{\"@type\":\"Organization\",\"@id\":\"https:\/\/laura-mondragon.com\/#organization\",\"name\":\"Laura Mondrag\u00f3n\",\"url\":\"https:\/\/laura-mondragon.com\/\",\"sameAs\":[\"https:\/\/www.instagram.com\/mondragon___pinturas\/?hl=fr\",\"https:\/\/www.facebook.com\/mondragonpeintre\"],\"logo\":{\"@type\":\"ImageObject\",\"inLanguage\":\"en-US\",\"@id\":\"https:\/\/laura-mondragon.com\/#\/schema\/logo\/image\/\",\"url\":\"https:\/\/laura-mondragon.com\/wp-content\/uploads\/2021\/10\/peyre-expo-laura-mondragon-01.jpg\",\"contentUrl\":\"https:\/\/laura-mondragon.com\/wp-content\/uploads\/2021\/10\/peyre-expo-laura-mondragon-01.jpg\",\"width\":1068,\"height\":712,\"caption\":\"Laura Mondrag\u00f3n\"},\"image\":{\"@id\":\"https:\/\/laura-mondragon.com\/#\/schema\/logo\/image\/\"}}]}<\/script>\n<!-- \/ Yoast SEO plugin. -->","yoast_head_json":{"title":"Actualit\u00e9s & Presse - Laura Mondrag\u00f3n","robots":{"index":"index","follow":"follow","max-snippet":"max-snippet:-1","max-image-preview":"max-image-preview:large","max-video-preview":"max-video-preview:-1"},"canonical":"https:\/\/laura-mondragon.com\/index.php\/presse\/","og_locale":"en_US","og_type":"article","og_title":"Actualit\u00e9s & Presse - Laura Mondrag\u00f3n","og_description":"Articles de presse","og_url":"https:\/\/laura-mondragon.com\/index.php\/presse\/","og_site_name":"Laura Mondrag\u00f3n","article_publisher":"https:\/\/www.facebook.com\/mondragonpeintre","article_modified_time":"2022-04-15T09:21:08+00:00","og_image":[{"url":"https:\/\/laura-mondragon.com\/wp-content\/uploads\/2021\/10\/suenon-monarca-II.jpg"}],"twitter_card":"summary_large_image","twitter_misc":{"Est. reading time":"1 minute"},"schema":{"@context":"https:\/\/schema.org","@graph":[{"@type":"WebPage","@id":"https:\/\/laura-mondragon.com\/index.php\/presse\/","url":"https:\/\/laura-mondragon.com\/index.php\/presse\/","name":"Actualit\u00e9s & Presse - Laura Mondrag\u00f3n","isPartOf":{"@id":"https:\/\/laura-mondragon.com\/#website"},"datePublished":"2021-09-19T16:12:59+00:00","dateModified":"2022-04-15T09:21:08+00:00","breadcrumb":{"@id":"https:\/\/laura-mondragon.com\/index.php\/presse\/#breadcrumb"},"inLanguage":"en-US","potentialAction":[{"@type":"ReadAction","target":["https:\/\/laura-mondragon.com\/index.php\/presse\/"]}]},{"@type":"BreadcrumbList","@id":"https:\/\/laura-mondragon.com\/index.php\/presse\/#breadcrumb","itemListElement":[{"@type":"ListItem","position":1,"name":"Accueil","item":"https:\/\/laura-mondragon.com\/"},{"@type":"ListItem","position":2,"name":"Actualit\u00e9s &#038; Presse"}]},{"@type":"WebSite","@id":"https:\/\/laura-mondragon.com\/#website","url":"https:\/\/laura-mondragon.com\/","name":"Laura Mondrag\u00f3n","description":"ARTISTE PEINTRE","publisher":{"@id":"https:\/\/laura-mondragon.com\/#organization"},"potentialAction":[{"@type":"SearchAction","target":{"@type":"EntryPoint","urlTemplate":"https:\/\/laura-mondragon.com\/?s={search_term_string}"},"query-input":"required name=search_term_string"}],"inLanguage":"en-US"},{"@type":"Organization","@id":"https:\/\/laura-mondragon.com\/#organization","name":"Laura Mondrag\u00f3n","url":"https:\/\/laura-mondragon.com\/","sameAs":["https:\/\/www.instagram.com\/mondragon___pinturas\/?hl=fr","https:\/\/www.facebook.com\/mondragonpeintre"],"logo":{"@type":"ImageObject","inLanguage":"en-US","@id":"https:\/\/laura-mondragon.com\/#\/schema\/logo\/image\/","url":"https:\/\/laura-mondragon.com\/wp-content\/uploads\/2021\/10\/peyre-expo-laura-mondragon-01.jpg","contentUrl":"https:\/\/laura-mondragon.com\/wp-content\/uploads\/2021\/10\/peyre-expo-laura-mondragon-01.jpg","width":1068,"height":712,"caption":"Laura Mondrag\u00f3n"},"image":{"@id":"https:\/\/laura-mondragon.com\/#\/schema\/logo\/image\/"}}]}},"_links":{"self":[{"href":"https:\/\/laura-mondragon.com\/index.php\/wp-json\/wp\/v2\/pages\/110","targetHints":{"allow":["GET"]}}],"collection":[{"href":"https:\/\/laura-mondragon.com\/index.php\/wp-json\/wp\/v2\/pages"}],"about":[{"href":"https:\/\/laura-mondragon.com\/index.php\/wp-json\/wp\/v2\/types\/page"}],"author":[{"embeddable":true,"href":"https:\/\/laura-mondragon.com\/index.php\/wp-json\/wp\/v2\/users\/1"}],"replies":[{"embeddable":true,"href":"https:\/\/laura-mondragon.com\/index.php\/wp-json\/wp\/v2\/comments?post=110"}],"version-history":[{"count":21,"href":"https:\/\/laura-mondragon.com\/index.php\/wp-json\/wp\/v2\/pages\/110\/revisions"}],"predecessor-version":[{"id":510,"href":"https:\/\/laura-mondragon.com\/index.php\/wp-json\/wp\/v2\/pages\/110\/revisions\/510"}],"wp:attachment":[{"href":"https:\/\/laura-mondragon.com\/index.php\/wp-json\/wp\/v2\/media?parent=110"}],"curies":[{"name":"wp","href":"https:\/\/api.w.org\/{rel}","templated":true}]}}