{"id":106,"date":"2021-09-19T18:12:21","date_gmt":"2021-09-19T16:12:21","guid":{"rendered":"https:\/\/laura-mondragon.com\/?page_id=106"},"modified":"2025-07-04T14:39:07","modified_gmt":"2025-07-04T12:39:07","slug":"galerie","status":"publish","type":"page","link":"https:\/\/laura-mondragon.com\/index.php\/galerie\/","title":{"rendered":"Les oeuvres"},"content":{"rendered":"\n<div class=\"wp-block-cover alignfull has-background-dim-70 has-background-dim\" style=\"min-height:350px;aspect-ratio:unset;\"><img loading=\"lazy\" decoding=\"async\" width=\"2560\" height=\"1009\" class=\"wp-block-cover__image-background wp-image-341\" alt=\"\" src=\"https:\/\/laura-mondragon.com\/wp-content\/uploads\/2021\/09\/chacmoo-o-inscaciables-scaled.jpg\" data-object-fit=\"cover\" srcset=\"https:\/\/laura-mondragon.com\/wp-content\/uploads\/2021\/09\/chacmoo-o-inscaciables-scaled.jpg 2560w, https:\/\/laura-mondragon.com\/wp-content\/uploads\/2021\/09\/chacmoo-o-inscaciables-300x118.jpg 300w, https:\/\/laura-mondragon.com\/wp-content\/uploads\/2021\/09\/chacmoo-o-inscaciables-1024x404.jpg 1024w, https:\/\/laura-mondragon.com\/wp-content\/uploads\/2021\/09\/chacmoo-o-inscaciables-768x303.jpg 768w, https:\/\/laura-mondragon.com\/wp-content\/uploads\/2021\/09\/chacmoo-o-inscaciables-1536x605.jpg 1536w, https:\/\/laura-mondragon.com\/wp-content\/uploads\/2021\/09\/chacmoo-o-inscaciables-2048x807.jpg 2048w\" sizes=\"auto, (max-width: 2560px) 100vw, 2560px\" \/><div class=\"wp-block-cover__inner-container is-layout-flow wp-block-cover-is-layout-flow\">\n<div class=\"wp-block-columns alignwide is-layout-flex wp-container-core-columns-is-layout-9d6595d7 wp-block-columns-is-layout-flex\">\n<div class=\"wp-block-column is-layout-flow wp-block-column-is-layout-flow\" style=\"flex-basis:55%\"><\/div>\n\n\n\n<div class=\"wp-block-column is-layout-flow wp-block-column-is-layout-flow\"><\/div>\n<\/div>\n\n\n\n<p class=\"has-text-align-center\" style=\"font-size:70px\"><strong><span style=\"color:#ffffff\" class=\"has-inline-color\">GALERIE<\/span><\/strong><\/p>\n<\/div><\/div>\n\n\n\n<div style=\"height:100px\" aria-hidden=\"true\" class=\"wp-block-spacer\"><\/div>\n\n\n\n<h1 class=\"has-text-align-center wp-block-heading\"><strong>Flores<\/strong><\/h1>\n\n\n\n<p class=\"has-text-align-center\">Gr\u00e2ce aux couleurs des fleurs et des piments je repr\u00e9sente le Mexique comme le pays du <strong>\u00ab&nbsp;printemps \u00e9ternel&nbsp;\u00bb<\/strong>, un pays o\u00f9 le printemps perdure toute l\u2019ann\u00e9e.&nbsp; Les fleurs sont aussi un pr\u00e9texte pour \u00e9voquer <strong>la f\u00e9condit\u00e9, l\u2019exotisme et la joie de vivre<\/strong>.<\/p>\n\n\n\n<p class=\"has-text-align-center has-text-color\" style=\"color:#fed783;font-size:15px\"><em>Gracias a los colores de las flores y de los chiles represento a M\u00e9xico como el pa\u00eds de la \u00ab eterna primavera \u00bb. Las flores me sirven tambi\u00e9n de pretexto para evocar la fecundidad, el exotismo y la felicidad de vivir. A trav\u00e9s de los colores utilizados encuentro los matices que me han acompa\u00f1ado a lo largo del camino.&nbsp;<\/em><\/p>\n\n\n\nngg_shortcode_0_placeholder\n\n\n\n<hr class=\"wp-block-separator is-style-wide\"\/>\n\n\n\n<h1 class=\"has-text-align-center wp-block-heading\"><strong>Amates<\/strong><\/h1>\n\n\n\n<p class=\"has-text-align-center\">Dans cette s\u00e9rie je rends hommage aux artistes indig\u00e8nes de Guerrero qui peignent sur des \u00ab&nbsp;papeles amates&nbsp;\u00bb <br>(des papiers rustiques fabriqu\u00e9s \u00e0 partir d\u2019une \u00e9corce) des m\u0153urs et des \u00e9l\u00e9ments de la vie quotidienne des peuples indig\u00e8nes. <br>Je reproduis donc, pour le fond de mes \u0153uvres, la couleur de cette \u00e9corce et je repr\u00e9sente des personnages inspir\u00e9s des traditions mexicaines <br>dans des paysages qui pour moi rappellent le Mexique, ses montagnes et sa v\u00e9g\u00e9tation.&nbsp;<\/p>\n\n\n\n<p class=\"has-text-align-center has-text-color\" style=\"color:#fed783;font-size:15px\"><em>En la segunda serie rindo homenaje a los artistas ind\u00edgenas de Guerrero que pintan en los \u00ab papeles amates \u00bb (aquellos papeles r\u00fasticos fabricados <\/em><br><em>con la corteza de un \u00e1rbol) costumbres y elementos de la vida cotidiana de los pueblos ind\u00edgenas. <\/em><br><em>Reproduzco as\u00ed, como fondo de estas obras, el color del amate y represento personajes inspirados en las tradiciones mexicanas, <\/em><br><em>en paisajes que para m\u00ed evocan M\u00e9xico, sus monta\u00f1as y su vegetaci\u00f3n. Los papeles amates de Xalitla son para m\u00ed el mejor testimonio visual <\/em><br><em>de las tradiciones y vivencias cotidianas de mi pueblo y mi gente.<\/em><\/p>\n\n\n\nngg_shortcode_1_placeholder\n\n\n\n<hr class=\"wp-block-separator is-style-wide\"\/>\n\n\n\n<h1 class=\"has-text-align-center wp-block-heading\"><strong><strong>Recordando&nbsp;<\/strong><\/strong><\/h1>\n\n\n\n<p class=\"has-text-align-center\">Cette s\u00e9rie regroupe des \u0153uvres o\u00f9 les souvenirs historiques, familiales, oniriques et imaginaires sont pr\u00e9sents. Dans certaines \u0153uvres de cette s\u00e9rie on retrouve des personnages et des mythes de la culture mexicaine&nbsp;; dans d\u2019autres je me sers des poup\u00e9es \u00ab&nbsp;chamulitas&nbsp;\u00bb ou \u00ab&nbsp;mu\u00f1ecas quitapenas&nbsp;\u00bb&nbsp; pour \u00e9voquer la libert\u00e9, le(ou les) destins, la vie,&nbsp; la tristesse, et dans quelques-unes figurent mes sentiments le plus intimes&nbsp;: la m\u00e9lancolie, la nostalgie, l\u2019amour et la r\u00eaverie.<\/p>\n\n\n\n<p class=\"has-text-align-center has-text-color\" style=\"color:#fed783;font-size:15px\"><em>Esta serie re\u00fane obras donde los recuerdos hist\u00f3ricos, familiares, on\u00edricos e imaginarios est\u00e1n presentes. En algunas obras de \u00e9sta serie encontramos personajes y mitos de la cultura mexicana; en otras utilizo a las \u00ab chamulitas \u00bb o \u00ab mu\u00f1equitas quitapenas \u00bb para plasmar la libertad, el (o los) destino(s), la vida, la tristeza, y en algunas otras figuran mis sentimientos m\u00e1s \u00edntimos como la melancol\u00eda, la nostalgia, el amor y el so\u00f1ar.<\/em><\/p>\n\n\n\nngg_shortcode_2_placeholder\n","protected":false},"excerpt":{"rendered":"<p>Flores Gr\u00e2ce aux couleurs des fleurs et des piments je repr\u00e9sente le Mexique comme le pays du \u00ab&nbsp;printemps \u00e9ternel&nbsp;\u00bb, un pays o\u00f9 le printemps perdure toute l\u2019ann\u00e9e.&nbsp; Les fleurs sont aussi un pr\u00e9texte pour \u00e9voquer la f\u00e9condit\u00e9, l\u2019exotisme et la joie de vivre. Gracias a los colores de las flores y de los chiles represento a M\u00e9xico como el pa\u00eds [&hellip;]<\/p>\n","protected":false},"author":1,"featured_media":0,"parent":0,"menu_order":3,"comment_status":"closed","ping_status":"closed","template":"","meta":{"ngg_post_thumbnail":0,"footnotes":""},"class_list":["post-106","page","type-page","status-publish","hentry"],"yoast_head":"<!-- This site is optimized with the Yoast SEO plugin v19.6.1 - https:\/\/yoast.com\/wordpress\/plugins\/seo\/ -->\n<title>Les oeuvres - Laura Mondrag\u00f3n<\/title>\n<meta name=\"robots\" content=\"index, follow, max-snippet:-1, max-image-preview:large, max-video-preview:-1\" \/>\n<link rel=\"canonical\" href=\"https:\/\/laura-mondragon.com\/index.php\/galerie\/\" \/>\n<meta property=\"og:locale\" content=\"en_US\" \/>\n<meta property=\"og:type\" content=\"article\" \/>\n<meta property=\"og:title\" content=\"Les oeuvres - Laura Mondrag\u00f3n\" \/>\n<meta property=\"og:description\" content=\"Flores Gr\u00e2ce aux couleurs des fleurs et des piments je repr\u00e9sente le Mexique comme le pays du \u00ab&nbsp;printemps \u00e9ternel&nbsp;\u00bb, un pays o\u00f9 le printemps perdure toute l\u2019ann\u00e9e.&nbsp; Les fleurs sont aussi un pr\u00e9texte pour \u00e9voquer la f\u00e9condit\u00e9, l\u2019exotisme et la joie de vivre. Gracias a los colores de las flores y de los chiles represento a M\u00e9xico como el pa\u00eds [&hellip;]\" \/>\n<meta property=\"og:url\" content=\"https:\/\/laura-mondragon.com\/index.php\/galerie\/\" \/>\n<meta property=\"og:site_name\" content=\"Laura Mondrag\u00f3n\" \/>\n<meta property=\"article:publisher\" content=\"https:\/\/www.facebook.com\/mondragonpeintre\" \/>\n<meta property=\"article:modified_time\" content=\"2025-07-04T12:39:07+00:00\" \/>\n<meta property=\"og:image\" content=\"https:\/\/laura-mondragon.com\/wp-content\/uploads\/2021\/09\/chacmoo-o-inscaciables-scaled.jpg\" \/>\n<meta name=\"twitter:card\" content=\"summary_large_image\" \/>\n<meta name=\"twitter:label1\" content=\"Est. reading time\" \/>\n\t<meta name=\"twitter:data1\" content=\"3 minutes\" \/>\n<script type=\"application\/ld+json\" class=\"yoast-schema-graph\">{\"@context\":\"https:\/\/schema.org\",\"@graph\":[{\"@type\":\"WebPage\",\"@id\":\"https:\/\/laura-mondragon.com\/index.php\/galerie\/\",\"url\":\"https:\/\/laura-mondragon.com\/index.php\/galerie\/\",\"name\":\"Les oeuvres - Laura Mondrag\u00f3n\",\"isPartOf\":{\"@id\":\"https:\/\/laura-mondragon.com\/#website\"},\"datePublished\":\"2021-09-19T16:12:21+00:00\",\"dateModified\":\"2025-07-04T12:39:07+00:00\",\"breadcrumb\":{\"@id\":\"https:\/\/laura-mondragon.com\/index.php\/galerie\/#breadcrumb\"},\"inLanguage\":\"en-US\",\"potentialAction\":[{\"@type\":\"ReadAction\",\"target\":[\"https:\/\/laura-mondragon.com\/index.php\/galerie\/\"]}]},{\"@type\":\"BreadcrumbList\",\"@id\":\"https:\/\/laura-mondragon.com\/index.php\/galerie\/#breadcrumb\",\"itemListElement\":[{\"@type\":\"ListItem\",\"position\":1,\"name\":\"Accueil\",\"item\":\"https:\/\/laura-mondragon.com\/\"},{\"@type\":\"ListItem\",\"position\":2,\"name\":\"Les oeuvres\"}]},{\"@type\":\"WebSite\",\"@id\":\"https:\/\/laura-mondragon.com\/#website\",\"url\":\"https:\/\/laura-mondragon.com\/\",\"name\":\"Laura Mondrag\u00f3n\",\"description\":\"ARTISTE PEINTRE\",\"publisher\":{\"@id\":\"https:\/\/laura-mondragon.com\/#organization\"},\"potentialAction\":[{\"@type\":\"SearchAction\",\"target\":{\"@type\":\"EntryPoint\",\"urlTemplate\":\"https:\/\/laura-mondragon.com\/?s={search_term_string}\"},\"query-input\":\"required name=search_term_string\"}],\"inLanguage\":\"en-US\"},{\"@type\":\"Organization\",\"@id\":\"https:\/\/laura-mondragon.com\/#organization\",\"name\":\"Laura Mondrag\u00f3n\",\"url\":\"https:\/\/laura-mondragon.com\/\",\"sameAs\":[\"https:\/\/www.instagram.com\/mondragon___pinturas\/?hl=fr\",\"https:\/\/www.facebook.com\/mondragonpeintre\"],\"logo\":{\"@type\":\"ImageObject\",\"inLanguage\":\"en-US\",\"@id\":\"https:\/\/laura-mondragon.com\/#\/schema\/logo\/image\/\",\"url\":\"https:\/\/laura-mondragon.com\/wp-content\/uploads\/2021\/10\/peyre-expo-laura-mondragon-01.jpg\",\"contentUrl\":\"https:\/\/laura-mondragon.com\/wp-content\/uploads\/2021\/10\/peyre-expo-laura-mondragon-01.jpg\",\"width\":1068,\"height\":712,\"caption\":\"Laura Mondrag\u00f3n\"},\"image\":{\"@id\":\"https:\/\/laura-mondragon.com\/#\/schema\/logo\/image\/\"}}]}<\/script>\n<!-- \/ Yoast SEO plugin. -->","yoast_head_json":{"title":"Les oeuvres - Laura Mondrag\u00f3n","robots":{"index":"index","follow":"follow","max-snippet":"max-snippet:-1","max-image-preview":"max-image-preview:large","max-video-preview":"max-video-preview:-1"},"canonical":"https:\/\/laura-mondragon.com\/index.php\/galerie\/","og_locale":"en_US","og_type":"article","og_title":"Les oeuvres - Laura Mondrag\u00f3n","og_description":"Flores Gr\u00e2ce aux couleurs des fleurs et des piments je repr\u00e9sente le Mexique comme le pays du \u00ab&nbsp;printemps \u00e9ternel&nbsp;\u00bb, un pays o\u00f9 le printemps perdure toute l\u2019ann\u00e9e.&nbsp; Les fleurs sont aussi un pr\u00e9texte pour \u00e9voquer la f\u00e9condit\u00e9, l\u2019exotisme et la joie de vivre. Gracias a los colores de las flores y de los chiles represento a M\u00e9xico como el pa\u00eds [&hellip;]","og_url":"https:\/\/laura-mondragon.com\/index.php\/galerie\/","og_site_name":"Laura Mondrag\u00f3n","article_publisher":"https:\/\/www.facebook.com\/mondragonpeintre","article_modified_time":"2025-07-04T12:39:07+00:00","og_image":[{"url":"https:\/\/laura-mondragon.com\/wp-content\/uploads\/2021\/09\/chacmoo-o-inscaciables-scaled.jpg"}],"twitter_card":"summary_large_image","twitter_misc":{"Est. reading time":"3 minutes"},"schema":{"@context":"https:\/\/schema.org","@graph":[{"@type":"WebPage","@id":"https:\/\/laura-mondragon.com\/index.php\/galerie\/","url":"https:\/\/laura-mondragon.com\/index.php\/galerie\/","name":"Les oeuvres - Laura Mondrag\u00f3n","isPartOf":{"@id":"https:\/\/laura-mondragon.com\/#website"},"datePublished":"2021-09-19T16:12:21+00:00","dateModified":"2025-07-04T12:39:07+00:00","breadcrumb":{"@id":"https:\/\/laura-mondragon.com\/index.php\/galerie\/#breadcrumb"},"inLanguage":"en-US","potentialAction":[{"@type":"ReadAction","target":["https:\/\/laura-mondragon.com\/index.php\/galerie\/"]}]},{"@type":"BreadcrumbList","@id":"https:\/\/laura-mondragon.com\/index.php\/galerie\/#breadcrumb","itemListElement":[{"@type":"ListItem","position":1,"name":"Accueil","item":"https:\/\/laura-mondragon.com\/"},{"@type":"ListItem","position":2,"name":"Les oeuvres"}]},{"@type":"WebSite","@id":"https:\/\/laura-mondragon.com\/#website","url":"https:\/\/laura-mondragon.com\/","name":"Laura Mondrag\u00f3n","description":"ARTISTE PEINTRE","publisher":{"@id":"https:\/\/laura-mondragon.com\/#organization"},"potentialAction":[{"@type":"SearchAction","target":{"@type":"EntryPoint","urlTemplate":"https:\/\/laura-mondragon.com\/?s={search_term_string}"},"query-input":"required name=search_term_string"}],"inLanguage":"en-US"},{"@type":"Organization","@id":"https:\/\/laura-mondragon.com\/#organization","name":"Laura Mondrag\u00f3n","url":"https:\/\/laura-mondragon.com\/","sameAs":["https:\/\/www.instagram.com\/mondragon___pinturas\/?hl=fr","https:\/\/www.facebook.com\/mondragonpeintre"],"logo":{"@type":"ImageObject","inLanguage":"en-US","@id":"https:\/\/laura-mondragon.com\/#\/schema\/logo\/image\/","url":"https:\/\/laura-mondragon.com\/wp-content\/uploads\/2021\/10\/peyre-expo-laura-mondragon-01.jpg","contentUrl":"https:\/\/laura-mondragon.com\/wp-content\/uploads\/2021\/10\/peyre-expo-laura-mondragon-01.jpg","width":1068,"height":712,"caption":"Laura Mondrag\u00f3n"},"image":{"@id":"https:\/\/laura-mondragon.com\/#\/schema\/logo\/image\/"}}]}},"_links":{"self":[{"href":"https:\/\/laura-mondragon.com\/index.php\/wp-json\/wp\/v2\/pages\/106","targetHints":{"allow":["GET"]}}],"collection":[{"href":"https:\/\/laura-mondragon.com\/index.php\/wp-json\/wp\/v2\/pages"}],"about":[{"href":"https:\/\/laura-mondragon.com\/index.php\/wp-json\/wp\/v2\/types\/page"}],"author":[{"embeddable":true,"href":"https:\/\/laura-mondragon.com\/index.php\/wp-json\/wp\/v2\/users\/1"}],"replies":[{"embeddable":true,"href":"https:\/\/laura-mondragon.com\/index.php\/wp-json\/wp\/v2\/comments?post=106"}],"version-history":[{"count":40,"href":"https:\/\/laura-mondragon.com\/index.php\/wp-json\/wp\/v2\/pages\/106\/revisions"}],"predecessor-version":[{"id":458,"href":"https:\/\/laura-mondragon.com\/index.php\/wp-json\/wp\/v2\/pages\/106\/revisions\/458"}],"wp:attachment":[{"href":"https:\/\/laura-mondragon.com\/index.php\/wp-json\/wp\/v2\/media?parent=106"}],"curies":[{"name":"wp","href":"https:\/\/api.w.org\/{rel}","templated":true}]}}